{"id":27,"date":"2025-05-08T08:42:49","date_gmt":"2025-05-08T08:42:49","guid":{"rendered":"https:\/\/lapanoplie.net\/about\/"},"modified":"2026-01-23T16:52:04","modified_gmt":"2026-01-23T16:52:04","slug":"about","status":"publish","type":"page","link":"https:\/\/lapanoplie.net\/en\/about\/","title":{"rendered":"La Panoplie"},"content":{"rendered":"<div data-elementor-type=\"wp-page\" data-elementor-id=\"27\" class=\"elementor elementor-27\">\n\t\t\t\t<div class=\"elementor-element elementor-element-60291be e-flex e-con-boxed e-con e-parent\" data-id=\"60291be\" data-element_type=\"container\" data-e-type=\"container\" data-settings=\"{&quot;background_background&quot;:&quot;classic&quot;}\">\n\t\t\t\t\t<div class=\"e-con-inner\">\n\t\t\t\t<div class=\"elementor-element elementor-element-760eb72 elementor-widget elementor-widget-heading\" data-id=\"760eb72\" data-element_type=\"widget\" data-e-type=\"widget\" data-widget_type=\"heading.default\">\n\t\t\t\t<div class=\"elementor-widget-container\">\n\t\t\t\t\t<h1 class=\"elementor-heading-title elementor-size-default\">La Panoplie<\/h1>\t\t\t\t<\/div>\n\t\t\t\t<\/div>\n\t\t\t\t\t<\/div>\n\t\t\t\t<\/div>\n\t\t<div class=\"elementor-element elementor-element-c8b90b0 e-flex e-con-boxed e-con e-parent\" data-id=\"c8b90b0\" data-element_type=\"container\" data-e-type=\"container\">\n\t\t\t\t\t<div class=\"e-con-inner\">\n\t\t\t\t<div class=\"elementor-element elementor-element-fbf111b elementor-widget__width-initial elementor-widget-mobile__width-inherit elementor-widget elementor-widget-heading\" data-id=\"fbf111b\" data-element_type=\"widget\" data-e-type=\"widget\" data-widget_type=\"heading.default\">\n\t\t\t\t<div class=\"elementor-widget-container\">\n\t\t\t\t\t<h2 class=\"elementor-heading-title elementor-size-default\">Our team<\/h2>\t\t\t\t<\/div>\n\t\t\t\t<\/div>\n\t\t\t\t<div class=\"elementor-element elementor-element-70ebb528 elementor-widget__width-initial elementor-widget elementor-widget-text-editor\" data-id=\"70ebb528\" data-element_type=\"widget\" data-e-type=\"widget\" data-widget_type=\"text-editor.default\">\n\t\t\t\t<div class=\"elementor-widget-container\">\n\t\t\t\t\t\t\t\t\t<p data-start=\"378\" data-end=\"742\"><strong data-start=\"378\" data-end=\"393\">La Panoplie<\/strong> is a collaboration between three artists from diverse backgrounds who combine their unique talents to create multidisciplinary theatre that is visually striking, physically dynamic and highly accessible. Beyond performance, La Panoplie is committed to education, offering regular workshops and masterclasses.<\/p><p data-start=\"1653\" data-end=\"1943\">\u00a0<\/p>\t\t\t\t\t\t\t\t<\/div>\n\t\t\t\t<\/div>\n\t\t<div class=\"elementor-element elementor-element-9e6738d e-con-full e-flex e-con e-child\" data-id=\"9e6738d\" data-element_type=\"container\" data-e-type=\"container\">\n\t\t<div class=\"elementor-element elementor-element-7f5b0cf e-con-full e-flex e-con e-child\" data-id=\"7f5b0cf\" data-element_type=\"container\" data-e-type=\"container\">\n\t\t\t\t<div class=\"elementor-element elementor-element-67a924f elementor-widget elementor-widget-image\" data-id=\"67a924f\" data-element_type=\"widget\" data-e-type=\"widget\" data-widget_type=\"image.default\">\n\t\t\t\t<div class=\"elementor-widget-container\">\n\t\t\t\t\t\t\t\t\t\t\t\t\t\t\t<img fetchpriority=\"high\" decoding=\"async\" width=\"2560\" height=\"1707\" src=\"https:\/\/lapanoplie.net\/wp-content\/uploads\/2025\/05\/XS_La_princesse_legere_-_17_10-17_-_Simon_Gosselin-37-scaled.jpg\" class=\"attachment-full size-full wp-image-60\" alt=\"\" srcset=\"https:\/\/lapanoplie.net\/wp-content\/uploads\/2025\/05\/XS_La_princesse_legere_-_17_10-17_-_Simon_Gosselin-37-scaled.jpg 2560w, https:\/\/lapanoplie.net\/wp-content\/uploads\/2025\/05\/XS_La_princesse_legere_-_17_10-17_-_Simon_Gosselin-37-300x200.jpg 300w, https:\/\/lapanoplie.net\/wp-content\/uploads\/2025\/05\/XS_La_princesse_legere_-_17_10-17_-_Simon_Gosselin-37-1024x683.jpg 1024w, https:\/\/lapanoplie.net\/wp-content\/uploads\/2025\/05\/XS_La_princesse_legere_-_17_10-17_-_Simon_Gosselin-37-768x512.jpg 768w, https:\/\/lapanoplie.net\/wp-content\/uploads\/2025\/05\/XS_La_princesse_legere_-_17_10-17_-_Simon_Gosselin-37-1536x1024.jpg 1536w, https:\/\/lapanoplie.net\/wp-content\/uploads\/2025\/05\/XS_La_princesse_legere_-_17_10-17_-_Simon_Gosselin-37-2048x1366.jpg 2048w\" sizes=\"(max-width: 2560px) 100vw, 2560px\" \/>\t\t\t\t\t\t\t\t\t\t\t\t\t\t\t<\/div>\n\t\t\t\t<\/div>\n\t\t\t\t<div class=\"elementor-element elementor-element-6fdc204 elementor-widget elementor-widget-heading\" data-id=\"6fdc204\" data-element_type=\"widget\" data-e-type=\"widget\" data-widget_type=\"heading.default\">\n\t\t\t\t<div class=\"elementor-widget-container\">\n\t\t\t\t\t<h4 class=\"elementor-heading-title elementor-size-default\">Jos Houben,<\/h4>\t\t\t\t<\/div>\n\t\t\t\t<\/div>\n\t\t\t\t<div class=\"elementor-element elementor-element-206b613 elementor-widget elementor-widget-text-editor\" data-id=\"206b613\" data-element_type=\"widget\" data-e-type=\"widget\" data-widget_type=\"text-editor.default\">\n\t\t\t\t<div class=\"elementor-widget-container\">\n\t\t\t\t\t\t\t\t\t<p>A graduate of the Jacques Lecoq Theatre School, where he has also been teaching for 25 years, <strong data-start=\"819\" data-end=\"833\">Jos Houben,<\/strong> is a widely recognized specialist in comic theatre. Drawing on collaborations with companies and directors such as Complicit\u00e9, Peter Brook, The Right Size, and Jean-Fran\u00e7ois Perret, his work is marked by humor and visual subtlety. He is notably the creator of the cult production The Art of Laughter, <em data-start=\"1136\" data-end=\"1151\">L\u2019Art du Rire<\/em>.<\/p>\t\t\t\t\t\t\t\t<\/div>\n\t\t\t\t<\/div>\n\t\t\t\t<div class=\"elementor-element elementor-element-92d041d elementor-widget elementor-widget-text-editor\" data-id=\"92d041d\" data-element_type=\"widget\" data-e-type=\"widget\" data-widget_type=\"text-editor.default\">\n\t\t\t\t<div class=\"elementor-widget-container\">\n\t\t\t\t\t\t\t\t\t<p><a href=\"https:\/\/lapanoplie.net\/wp-content\/uploads\/2025\/12\/bio-Jos-2026.pdf\" data-wplink-edit=\"true\">download a cv<\/a><\/p>\t\t\t\t\t\t\t\t<\/div>\n\t\t\t\t<\/div>\n\t\t\t\t<div class=\"elementor-element elementor-element-fff2e1c elementor-shape-circle elementor-grid-0 e-grid-align-center elementor-widget elementor-widget-social-icons\" data-id=\"fff2e1c\" data-element_type=\"widget\" data-e-type=\"widget\" data-widget_type=\"social-icons.default\">\n\t\t\t\t<div class=\"elementor-widget-container\">\n\t\t\t\t\t\t\t<div class=\"elementor-social-icons-wrapper elementor-grid\">\n\t\t\t\t\t\t\t<span class=\"elementor-grid-item\">\n\t\t\t\t\t<a class=\"elementor-icon elementor-social-icon elementor-social-icon-file elementor-animation-grow elementor-repeater-item-d1824b1\" href=\"https:\/\/lapanoplie.net\/wp-content\/uploads\/2025\/12\/bio-Jos-2026.pdf\" target=\"_blank\">\n\t\t\t\t\t\t<span class=\"elementor-screen-only\">File<\/span>\n\t\t\t\t\t\t<svg aria-hidden=\"true\" class=\"e-font-icon-svg e-far-file\" viewbox=\"0 0 384 512\" xmlns=\"http:\/\/www.w3.org\/2000\/svg\"><path d=\"M369.9 97.9L286 14C277 5 264.8-.1 252.1-.1H48C21.5 0 0 21.5 0 48v416c0 26.5 21.5 48 48 48h288c26.5 0 48-21.5 48-48V131.9c0-12.7-5.1-25-14.1-34zM332.1 128H256V51.9l76.1 76.1zM48 464V48h160v104c0 13.3 10.7 24 24 24h104v288H48z\"><\/path><\/svg>\t\t\t\t\t<\/a>\n\t\t\t\t<\/span>\n\t\t\t\t\t<\/div>\n\t\t\t\t\t\t<\/div>\n\t\t\t\t<\/div>\n\t\t\t\t<\/div>\n\t\t<div class=\"elementor-element elementor-element-4716389 e-con-full e-flex e-con e-child\" data-id=\"4716389\" data-element_type=\"container\" data-e-type=\"container\">\n\t\t\t\t<div class=\"elementor-element elementor-element-673b066 elementor-widget elementor-widget-image\" data-id=\"673b066\" data-element_type=\"widget\" data-e-type=\"widget\" data-widget_type=\"image.default\">\n\t\t\t\t<div class=\"elementor-widget-container\">\n\t\t\t\t\t\t\t\t\t\t\t\t\t\t\t<img decoding=\"async\" width=\"1200\" height=\"1600\" src=\"https:\/\/lapanoplie.net\/wp-content\/uploads\/2025\/12\/PHOTO-2025-12-13-18-51-10.jpg\" class=\"attachment-full size-full wp-image-178\" alt=\"\" srcset=\"https:\/\/lapanoplie.net\/wp-content\/uploads\/2025\/12\/PHOTO-2025-12-13-18-51-10.jpg 1200w, https:\/\/lapanoplie.net\/wp-content\/uploads\/2025\/12\/PHOTO-2025-12-13-18-51-10-225x300.jpg 225w, https:\/\/lapanoplie.net\/wp-content\/uploads\/2025\/12\/PHOTO-2025-12-13-18-51-10-768x1024.jpg 768w, https:\/\/lapanoplie.net\/wp-content\/uploads\/2025\/12\/PHOTO-2025-12-13-18-51-10-1152x1536.jpg 1152w\" sizes=\"(max-width: 1200px) 100vw, 1200px\" \/>\t\t\t\t\t\t\t\t\t\t\t\t\t\t\t<\/div>\n\t\t\t\t<\/div>\n\t\t\t\t<div class=\"elementor-element elementor-element-701c005 elementor-widget elementor-widget-heading\" data-id=\"701c005\" data-element_type=\"widget\" data-e-type=\"widget\" data-widget_type=\"heading.default\">\n\t\t\t\t<div class=\"elementor-widget-container\">\n\t\t\t\t\t<h4 class=\"elementor-heading-title elementor-size-default\">Oria Puppo<\/h4>\t\t\t\t<\/div>\n\t\t\t\t<\/div>\n\t\t\t\t<div class=\"elementor-element elementor-element-f3e8183 elementor-widget elementor-widget-text-editor\" data-id=\"f3e8183\" data-element_type=\"widget\" data-e-type=\"widget\" data-widget_type=\"text-editor.default\">\n\t\t\t\t<div class=\"elementor-widget-container\">\n\t\t\t\t\t\t\t\t\t<p>Set and costume designer, <strong data-start=\"1192\" data-end=\"1206\">Oria Puppo<\/strong> divides her career between Paris and Buenos Aires. She designs sets and costumes for directors such as Rafael Spregelburd, Roberto Villanueva, Ciro Zorzoli, Alejandro Tantanian, Laurent Berger, Lilo Baur, Anouche Setbon, Jos Houben, Emily Wilson, Luciano Rosso, Peter Brook, and Marie Heelen. She has also served as Technical Director of the Buenos Aires International Festival and as an Artistic Advisor at the Teatro Nacional Cervantes.<\/p>\t\t\t\t\t\t\t\t<\/div>\n\t\t\t\t<\/div>\n\t\t\t\t<div class=\"elementor-element elementor-element-777f051 elementor-widget elementor-widget-text-editor\" data-id=\"777f051\" data-element_type=\"widget\" data-e-type=\"widget\" data-widget_type=\"text-editor.default\">\n\t\t\t\t<div class=\"elementor-widget-container\">\n\t\t\t\t\t\t\t\t\t<p><a href=\"https:\/\/lapanoplie.net\/wp-content\/uploads\/2026\/01\/Curriculum-VitaeOria-puppo-5janvier2026.pdf\">download a cv<\/a><\/p>\t\t\t\t\t\t\t\t<\/div>\n\t\t\t\t<\/div>\n\t\t\t\t<div class=\"elementor-element elementor-element-f211f6b elementor-shape-circle elementor-grid-0 e-grid-align-center elementor-widget elementor-widget-social-icons\" data-id=\"f211f6b\" data-element_type=\"widget\" data-e-type=\"widget\" data-widget_type=\"social-icons.default\">\n\t\t\t\t<div class=\"elementor-widget-container\">\n\t\t\t\t\t\t\t<div class=\"elementor-social-icons-wrapper elementor-grid\">\n\t\t\t\t\t\t\t<span class=\"elementor-grid-item\">\n\t\t\t\t\t<a class=\"elementor-icon elementor-social-icon elementor-social-icon-file elementor-animation-grow elementor-repeater-item-ad4326e\" href=\"https:\/\/lapanoplie.net\/wp-content\/uploads\/2026\/01\/Curriculum-VitaeOria-puppo-5janvier2026.pdf\" target=\"_blank\">\n\t\t\t\t\t\t<span class=\"elementor-screen-only\">File<\/span>\n\t\t\t\t\t\t<svg aria-hidden=\"true\" class=\"e-font-icon-svg e-far-file\" viewbox=\"0 0 384 512\" xmlns=\"http:\/\/www.w3.org\/2000\/svg\"><path d=\"M369.9 97.9L286 14C277 5 264.8-.1 252.1-.1H48C21.5 0 0 21.5 0 48v416c0 26.5 21.5 48 48 48h288c26.5 0 48-21.5 48-48V131.9c0-12.7-5.1-25-14.1-34zM332.1 128H256V51.9l76.1 76.1zM48 464V48h160v104c0 13.3 10.7 24 24 24h104v288H48z\"><\/path><\/svg>\t\t\t\t\t<\/a>\n\t\t\t\t<\/span>\n\t\t\t\t\t<\/div>\n\t\t\t\t\t\t<\/div>\n\t\t\t\t<\/div>\n\t\t\t\t<\/div>\n\t\t<div class=\"elementor-element elementor-element-02e5a2c e-con-full e-flex e-con e-child\" data-id=\"02e5a2c\" data-element_type=\"container\" data-e-type=\"container\">\n\t\t\t\t<div class=\"elementor-element elementor-element-b2b29c5 elementor-widget elementor-widget-image\" data-id=\"b2b29c5\" data-element_type=\"widget\" data-e-type=\"widget\" data-widget_type=\"image.default\">\n\t\t\t\t<div class=\"elementor-widget-container\">\n\t\t\t\t\t\t\t\t\t\t\t\t\t\t\t<img decoding=\"async\" width=\"2560\" height=\"1440\" src=\"https:\/\/lapanoplie.net\/wp-content\/uploads\/2025\/05\/XS-La-princesse-legere-17_10-17-Simon-Gosselin-6-scaled.jpg\" class=\"attachment-full size-full wp-image-58\" alt=\"\" srcset=\"https:\/\/lapanoplie.net\/wp-content\/uploads\/2025\/05\/XS-La-princesse-legere-17_10-17-Simon-Gosselin-6-scaled.jpg 2560w, https:\/\/lapanoplie.net\/wp-content\/uploads\/2025\/05\/XS-La-princesse-legere-17_10-17-Simon-Gosselin-6-300x169.jpg 300w, https:\/\/lapanoplie.net\/wp-content\/uploads\/2025\/05\/XS-La-princesse-legere-17_10-17-Simon-Gosselin-6-1024x576.jpg 1024w, https:\/\/lapanoplie.net\/wp-content\/uploads\/2025\/05\/XS-La-princesse-legere-17_10-17-Simon-Gosselin-6-768x432.jpg 768w, https:\/\/lapanoplie.net\/wp-content\/uploads\/2025\/05\/XS-La-princesse-legere-17_10-17-Simon-Gosselin-6-1536x864.jpg 1536w, https:\/\/lapanoplie.net\/wp-content\/uploads\/2025\/05\/XS-La-princesse-legere-17_10-17-Simon-Gosselin-6-2048x1152.jpg 2048w\" sizes=\"(max-width: 2560px) 100vw, 2560px\" \/>\t\t\t\t\t\t\t\t\t\t\t\t\t\t\t<\/div>\n\t\t\t\t<\/div>\n\t\t\t\t<div class=\"elementor-element elementor-element-3803327 elementor-widget elementor-widget-heading\" data-id=\"3803327\" data-element_type=\"widget\" data-e-type=\"widget\" data-widget_type=\"heading.default\">\n\t\t\t\t<div class=\"elementor-widget-container\">\n\t\t\t\t\t<h4 class=\"elementor-heading-title elementor-size-default\">Emily Wilson<\/h4>\t\t\t\t<\/div>\n\t\t\t\t<\/div>\n\t\t\t\t<div class=\"elementor-element elementor-element-ce44b36 elementor-widget elementor-widget-text-editor\" data-id=\"ce44b36\" data-element_type=\"widget\" data-e-type=\"widget\" data-widget_type=\"text-editor.default\">\n\t\t\t\t<div class=\"elementor-widget-container\">\n\t\t\t\t\t\t\t\t\t<p>A graduate of George Washington University in the United States and of the Jacques Lecoq School in Paris, <strong data-start=\"1753\" data-end=\"1769\">Emily Wilson<\/strong> is a director and teacher. Her productions have been presented at venues such as the Bouffes du Nord, the Rennes Opera, the Ath\u00e9n\u00e9e, the Th\u00e9\u00e2tre de Caen, and the Lille Opera. Emily teaches at the Paris Regional Conservatory (CRR) in the Department for Young Singers and at Le Plus Petit Cirque du Monde.\u00a0<\/p>\t\t\t\t\t\t\t\t<\/div>\n\t\t\t\t<\/div>\n\t\t\t\t<div class=\"elementor-element elementor-element-b492f76 elementor-widget elementor-widget-text-editor\" data-id=\"b492f76\" data-element_type=\"widget\" data-e-type=\"widget\" data-widget_type=\"text-editor.default\">\n\t\t\t\t<div class=\"elementor-widget-container\">\n\t\t\t\t\t\t\t\t\t<p><a href=\"https:\/\/lapanoplie.net\/wp-content\/uploads\/2025\/12\/Bio-Emily-Wilson-2026.pdf\">download a cv<\/a><\/p>\t\t\t\t\t\t\t\t<\/div>\n\t\t\t\t<\/div>\n\t\t\t\t<div class=\"elementor-element elementor-element-da4d420 elementor-shape-circle elementor-grid-0 e-grid-align-center elementor-widget elementor-widget-social-icons\" data-id=\"da4d420\" data-element_type=\"widget\" data-e-type=\"widget\" data-widget_type=\"social-icons.default\">\n\t\t\t\t<div class=\"elementor-widget-container\">\n\t\t\t\t\t\t\t<div class=\"elementor-social-icons-wrapper elementor-grid\">\n\t\t\t\t\t\t\t<span class=\"elementor-grid-item\">\n\t\t\t\t\t<a class=\"elementor-icon elementor-social-icon elementor-social-icon-file elementor-animation-grow elementor-repeater-item-ad4326e\" href=\"https:\/\/lapanoplie.net\/wp-content\/uploads\/2025\/12\/Bio-Emily-Wilson-2026.pdf\" target=\"_blank\">\n\t\t\t\t\t\t<span class=\"elementor-screen-only\">File<\/span>\n\t\t\t\t\t\t<svg aria-hidden=\"true\" class=\"e-font-icon-svg e-far-file\" viewbox=\"0 0 384 512\" xmlns=\"http:\/\/www.w3.org\/2000\/svg\"><path d=\"M369.9 97.9L286 14C277 5 264.8-.1 252.1-.1H48C21.5 0 0 21.5 0 48v416c0 26.5 21.5 48 48 48h288c26.5 0 48-21.5 48-48V131.9c0-12.7-5.1-25-14.1-34zM332.1 128H256V51.9l76.1 76.1zM48 464V48h160v104c0 13.3 10.7 24 24 24h104v288H48z\"><\/path><\/svg>\t\t\t\t\t<\/a>\n\t\t\t\t<\/span>\n\t\t\t\t\t<\/div>\n\t\t\t\t\t\t<\/div>\n\t\t\t\t<\/div>\n\t\t\t\t<\/div>\n\t\t\t\t<\/div>\n\t\t\t\t<div class=\"elementor-element elementor-element-18f7a4f elementor-widget elementor-widget-heading\" data-id=\"18f7a4f\" data-element_type=\"widget\" data-e-type=\"widget\" data-widget_type=\"heading.default\">\n\t\t\t\t<div class=\"elementor-widget-container\">\n\t\t\t\t\t<h2 class=\"elementor-heading-title elementor-size-default\">Our commitments<\/h2>\t\t\t\t<\/div>\n\t\t\t\t<\/div>\n\t\t\t\t<div class=\"elementor-element elementor-element-07b57ee elementor-widget elementor-widget-text-editor\" data-id=\"07b57ee\" data-element_type=\"widget\" data-e-type=\"widget\" data-widget_type=\"text-editor.default\">\n\t\t\t\t<div class=\"elementor-widget-container\">\n\t\t\t\t\t\t\t\t\t<p>La Panoplie is committed to providing a supportive, inclusive, and respectful artistic training environment. It adapts its practices to the specific needs of participants and continuously develops its training programs through an ongoing process of improvement.<\/p>\t\t\t\t\t\t\t\t<\/div>\n\t\t\t\t<\/div>\n\t\t\t\t<div class=\"elementor-element elementor-element-b1d0bc0 elementor-widget elementor-widget-button\" data-id=\"b1d0bc0\" data-element_type=\"widget\" data-e-type=\"widget\" data-widget_type=\"button.default\">\n\t\t\t\t<div class=\"elementor-widget-container\">\n\t\t\t\t\t\t\t\t\t<div class=\"elementor-button-wrapper\">\n\t\t\t\t\t<a class=\"elementor-button elementor-button-link elementor-size-sm\" href=\"https:\/\/lapanoplie.net\/en\/about\/qualite\/\">\n\t\t\t\t\t\t<span class=\"elementor-button-content-wrapper\">\n\t\t\t\t\t\t\t\t\t<span class=\"elementor-button-text\">More info<\/span>\n\t\t\t\t\t<\/span>\n\t\t\t\t\t<\/a>\n\t\t\t\t<\/div>\n\t\t\t\t\t\t\t\t<\/div>\n\t\t\t\t<\/div>\n\t\t\t\t\t<\/div>\n\t\t\t\t<\/div>\n\t\t<div class=\"elementor-element elementor-element-5cdc5f32 e-flex e-con-boxed e-con e-parent\" data-id=\"5cdc5f32\" data-element_type=\"container\" data-e-type=\"container\" data-settings=\"{&quot;background_background&quot;:&quot;classic&quot;}\">\n\t\t\t\t\t<div class=\"e-con-inner\">\n\t\t\t\t<div class=\"elementor-element elementor-element-57ef9be7 elementor-align-center elementor-widget elementor-widget-button\" data-id=\"57ef9be7\" data-element_type=\"widget\" data-e-type=\"widget\" data-widget_type=\"button.default\">\n\t\t\t\t<div class=\"elementor-widget-container\">\n\t\t\t\t\t\t\t\t\t<div class=\"elementor-button-wrapper\">\n\t\t\t\t\t<a class=\"elementor-button elementor-button-link elementor-size-sm\" href=\"https:\/\/lapanoplie.net\/en\/contact\/\">\n\t\t\t\t\t\t<span class=\"elementor-button-content-wrapper\">\n\t\t\t\t\t\t\t\t\t<span class=\"elementor-button-text\">Contact<\/span>\n\t\t\t\t\t<\/span>\n\t\t\t\t\t<\/a>\n\t\t\t\t<\/div>\n\t\t\t\t\t\t\t\t<\/div>\n\t\t\t\t<\/div>\n\t\t\t\t\t<\/div>\n\t\t\t\t<\/div>\n\t\t<div class=\"elementor-element elementor-element-16b9123 e-flex e-con-boxed e-con e-parent\" data-id=\"16b9123\" data-element_type=\"container\" data-e-type=\"container\">\n\t\t\t\t\t<div class=\"e-con-inner\">\n\t\t\t\t<div class=\"elementor-element elementor-element-bf14e24 elementor-widget elementor-widget-image\" data-id=\"bf14e24\" data-element_type=\"widget\" data-e-type=\"widget\" data-widget_type=\"image.default\">\n\t\t\t\t<div class=\"elementor-widget-container\">\n\t\t\t\t\t\t\t\t\t\t\t\t<figure class=\"wp-caption\">\n\t\t\t\t\t\t\t\t\t\t<img loading=\"lazy\" decoding=\"async\" width=\"317\" height=\"170\" src=\"https:\/\/lapanoplie.net\/wp-content\/uploads\/2026\/01\/Logo-Qualiopi-150dpi-Avec-Marianne-2.jpg\" class=\"attachment-full size-full wp-image-475\" alt=\"\" srcset=\"https:\/\/lapanoplie.net\/wp-content\/uploads\/2026\/01\/Logo-Qualiopi-150dpi-Avec-Marianne-2.jpg 317w, https:\/\/lapanoplie.net\/wp-content\/uploads\/2026\/01\/Logo-Qualiopi-150dpi-Avec-Marianne-2-300x161.jpg 300w, https:\/\/lapanoplie.net\/wp-content\/uploads\/2026\/01\/Logo-Qualiopi-150dpi-Avec-Marianne-2-18x10.jpg 18w\" sizes=\"(max-width: 317px) 100vw, 317px\" \/>\t\t\t\t\t\t\t\t\t\t\t<figcaption class=\"widget-image-caption wp-caption-text\">La certification qualit\u00e9 a \u00e9t\u00e9 d\u00e9livr\u00e9e au titre de la cat\u00e9gorie d'action suivante : ACTIONS DE FORMATION<\/figcaption>\n\t\t\t\t\t\t\t\t\t\t<\/figure>\n\t\t\t\t\t\t\t\t\t<\/div>\n\t\t\t\t<\/div>\n\t\t\t\t\t<\/div>\n\t\t\t\t<\/div>\n\t\t\t\t<\/div>","protected":false},"excerpt":{"rendered":"<p>La Panoplie Notre \u00e9quipe La Panoplie est une collaboration entre trois artistes aux parcours compl\u00e9mentaires qui unissent leurs talents pour [&hellip;]<\/p>\n","protected":false},"author":1,"featured_media":0,"parent":0,"menu_order":0,"comment_status":"closed","ping_status":"closed","template":"","meta":{"site-sidebar-layout":"no-sidebar","site-content-layout":"","ast-site-content-layout":"full-width-container","site-content-style":"default","site-sidebar-style":"default","ast-global-header-display":"","ast-banner-title-visibility":"","ast-main-header-display":"","ast-hfb-above-header-display":"","ast-hfb-below-header-display":"","ast-hfb-mobile-header-display":"","site-post-title":"disabled","ast-breadcrumbs-content":"","ast-featured-img":"disabled","footer-sml-layout":"","ast-disable-related-posts":"","theme-transparent-header-meta":"","adv-header-id-meta":"","stick-header-meta":"","header-above-stick-meta":"","header-main-stick-meta":"","header-below-stick-meta":"","astra-migrate-meta-layouts":"default","ast-page-background-enabled":"default","ast-page-background-meta":{"desktop":{"background-color":"var(--ast-global-color-4)","background-image":"","background-repeat":"repeat","background-position":"center center","background-size":"auto","background-attachment":"scroll","background-type":"","background-media":"","overlay-type":"","overlay-color":"","overlay-opacity":"","overlay-gradient":""},"tablet":{"background-color":"","background-image":"","background-repeat":"repeat","background-position":"center center","background-size":"auto","background-attachment":"scroll","background-type":"","background-media":"","overlay-type":"","overlay-color":"","overlay-opacity":"","overlay-gradient":""},"mobile":{"background-color":"","background-image":"","background-repeat":"repeat","background-position":"center center","background-size":"auto","background-attachment":"scroll","background-type":"","background-media":"","overlay-type":"","overlay-color":"","overlay-opacity":"","overlay-gradient":""}},"ast-content-background-meta":{"desktop":{"background-color":"var(--ast-global-color-5)","background-image":"","background-repeat":"repeat","background-position":"center center","background-size":"auto","background-attachment":"scroll","background-type":"","background-media":"","overlay-type":"","overlay-color":"","overlay-opacity":"","overlay-gradient":""},"tablet":{"background-color":"var(--ast-global-color-5)","background-image":"","background-repeat":"repeat","background-position":"center center","background-size":"auto","background-attachment":"scroll","background-type":"","background-media":"","overlay-type":"","overlay-color":"","overlay-opacity":"","overlay-gradient":""},"mobile":{"background-color":"var(--ast-global-color-5)","background-image":"","background-repeat":"repeat","background-position":"center center","background-size":"auto","background-attachment":"scroll","background-type":"","background-media":"","overlay-type":"","overlay-color":"","overlay-opacity":"","overlay-gradient":""}},"footnotes":""},"class_list":["post-27","page","type-page","status-publish","hentry"],"jetpack_sharing_enabled":true,"_links":{"self":[{"href":"https:\/\/lapanoplie.net\/en\/wp-json\/wp\/v2\/pages\/27","targetHints":{"allow":["GET"]}}],"collection":[{"href":"https:\/\/lapanoplie.net\/en\/wp-json\/wp\/v2\/pages"}],"about":[{"href":"https:\/\/lapanoplie.net\/en\/wp-json\/wp\/v2\/types\/page"}],"author":[{"embeddable":true,"href":"https:\/\/lapanoplie.net\/en\/wp-json\/wp\/v2\/users\/1"}],"replies":[{"embeddable":true,"href":"https:\/\/lapanoplie.net\/en\/wp-json\/wp\/v2\/comments?post=27"}],"version-history":[{"count":20,"href":"https:\/\/lapanoplie.net\/en\/wp-json\/wp\/v2\/pages\/27\/revisions"}],"predecessor-version":[{"id":497,"href":"https:\/\/lapanoplie.net\/en\/wp-json\/wp\/v2\/pages\/27\/revisions\/497"}],"wp:attachment":[{"href":"https:\/\/lapanoplie.net\/en\/wp-json\/wp\/v2\/media?parent=27"}],"curies":[{"name":"wp","href":"https:\/\/api.w.org\/{rel}","templated":true}]}}