{"id":19,"date":"2025-05-08T08:42:48","date_gmt":"2025-05-08T08:42:48","guid":{"rendered":"https:\/\/lapanoplie.net\/home\/"},"modified":"2026-01-23T16:48:45","modified_gmt":"2026-01-23T16:48:45","slug":"home","status":"publish","type":"page","link":"https:\/\/lapanoplie.net\/en\/","title":{"rendered":"Home"},"content":{"rendered":"<div data-elementor-type=\"wp-page\" data-elementor-id=\"19\" class=\"elementor elementor-19\">\n\t\t\t\t<div class=\"elementor-element elementor-element-38ff4d47 e-flex e-con-boxed e-con e-parent\" data-id=\"38ff4d47\" data-element_type=\"container\" data-e-type=\"container\" data-settings=\"{&quot;background_background&quot;:&quot;classic&quot;}\">\n\t\t\t\t\t<div class=\"e-con-inner\">\n\t\t\t\t<div class=\"elementor-element elementor-element-2eabb2a1 elementor-widget__width-initial elementor-widget elementor-widget-heading\" data-id=\"2eabb2a1\" data-element_type=\"widget\" data-e-type=\"widget\" data-widget_type=\"heading.default\">\n\t\t\t\t<div class=\"elementor-widget-container\">\n\t\t\t\t\t<h1 class=\"elementor-heading-title elementor-size-default\">theatre, design, movement<\/h1>\t\t\t\t<\/div>\n\t\t\t\t<\/div>\n\t\t\t\t\t<\/div>\n\t\t\t\t<\/div>\n\t\t<div class=\"elementor-element elementor-element-4849a6c3 e-flex e-con-boxed e-con e-parent\" data-id=\"4849a6c3\" data-element_type=\"container\" data-e-type=\"container\">\n\t\t\t\t\t<div class=\"e-con-inner\">\n\t\t<div class=\"elementor-element elementor-element-1fe09aca e-con-full e-flex e-con e-child\" data-id=\"1fe09aca\" data-element_type=\"container\" data-e-type=\"container\">\n\t\t<div class=\"elementor-element elementor-element-e61d615 e-con-full e-flex e-con e-child\" data-id=\"e61d615\" data-element_type=\"container\" data-e-type=\"container\">\n\t\t\t\t<div class=\"elementor-element elementor-element-597799c1 elementor-widget elementor-widget-image\" data-id=\"597799c1\" data-element_type=\"widget\" data-e-type=\"widget\" data-widget_type=\"image.default\">\n\t\t\t\t<div class=\"elementor-widget-container\">\n\t\t\t\t\t\t\t\t\t\t\t\t\t\t\t<img fetchpriority=\"high\" decoding=\"async\" width=\"1707\" height=\"2560\" src=\"https:\/\/lapanoplie.net\/wp-content\/uploads\/2025\/05\/DSCF9453-scaled.jpg\" class=\"attachment-full size-full wp-image-56\" alt=\"\" srcset=\"https:\/\/lapanoplie.net\/wp-content\/uploads\/2025\/05\/DSCF9453-scaled.jpg 1707w, https:\/\/lapanoplie.net\/wp-content\/uploads\/2025\/05\/DSCF9453-200x300.jpg 200w, https:\/\/lapanoplie.net\/wp-content\/uploads\/2025\/05\/DSCF9453-683x1024.jpg 683w, https:\/\/lapanoplie.net\/wp-content\/uploads\/2025\/05\/DSCF9453-768x1152.jpg 768w, https:\/\/lapanoplie.net\/wp-content\/uploads\/2025\/05\/DSCF9453-1024x1536.jpg 1024w, https:\/\/lapanoplie.net\/wp-content\/uploads\/2025\/05\/DSCF9453-1365x2048.jpg 1365w\" sizes=\"(max-width: 1707px) 100vw, 1707px\" \/>\t\t\t\t\t\t\t\t\t\t\t\t\t\t\t<\/div>\n\t\t\t\t<\/div>\n\t\t\t\t<div class=\"elementor-element elementor-element-52ef3bc8 elementor-widget elementor-widget-heading\" data-id=\"52ef3bc8\" data-element_type=\"widget\" data-e-type=\"widget\" data-widget_type=\"heading.default\">\n\t\t\t\t<div class=\"elementor-widget-container\">\n\t\t\t\t\t<h5 class=\"elementor-heading-title elementor-size-default\">Performance\n<\/h5>\t\t\t\t<\/div>\n\t\t\t\t<\/div>\n\t\t\t\t<div class=\"elementor-element elementor-element-6f78a1b2 elementor-widget elementor-widget-text-editor\" data-id=\"6f78a1b2\" data-element_type=\"widget\" data-e-type=\"widget\" data-widget_type=\"text-editor.default\">\n\t\t\t\t<div class=\"elementor-widget-container\">\n\t\t\t\t\t\t\t\t\t<p>Multidisciplinary shows that are visually striking, physically dynamic and highly accessible.<\/p>\t\t\t\t\t\t\t\t<\/div>\n\t\t\t\t<\/div>\n\t\t\t\t<\/div>\n\t\t<div class=\"elementor-element elementor-element-16f58e7b e-con-full e-flex e-con e-child\" data-id=\"16f58e7b\" data-element_type=\"container\" data-e-type=\"container\">\n\t\t\t\t<div class=\"elementor-element elementor-element-353c2603 elementor-widget elementor-widget-image\" data-id=\"353c2603\" data-element_type=\"widget\" data-e-type=\"widget\" data-widget_type=\"image.default\">\n\t\t\t\t<div class=\"elementor-widget-container\">\n\t\t\t\t\t\t\t\t\t\t\t\t\t\t\t<img decoding=\"async\" width=\"2560\" height=\"1707\" src=\"https:\/\/lapanoplie.net\/wp-content\/uploads\/2025\/05\/XS_La_princesse_legere_-_17_10-17_-_Simon_Gosselin-16-scaled.jpg\" class=\"attachment-full size-full wp-image-59\" alt=\"\" srcset=\"https:\/\/lapanoplie.net\/wp-content\/uploads\/2025\/05\/XS_La_princesse_legere_-_17_10-17_-_Simon_Gosselin-16-scaled.jpg 2560w, https:\/\/lapanoplie.net\/wp-content\/uploads\/2025\/05\/XS_La_princesse_legere_-_17_10-17_-_Simon_Gosselin-16-300x200.jpg 300w, https:\/\/lapanoplie.net\/wp-content\/uploads\/2025\/05\/XS_La_princesse_legere_-_17_10-17_-_Simon_Gosselin-16-1024x683.jpg 1024w, https:\/\/lapanoplie.net\/wp-content\/uploads\/2025\/05\/XS_La_princesse_legere_-_17_10-17_-_Simon_Gosselin-16-768x512.jpg 768w, https:\/\/lapanoplie.net\/wp-content\/uploads\/2025\/05\/XS_La_princesse_legere_-_17_10-17_-_Simon_Gosselin-16-1536x1024.jpg 1536w, https:\/\/lapanoplie.net\/wp-content\/uploads\/2025\/05\/XS_La_princesse_legere_-_17_10-17_-_Simon_Gosselin-16-2048x1365.jpg 2048w\" sizes=\"(max-width: 2560px) 100vw, 2560px\" \/>\t\t\t\t\t\t\t\t\t\t\t\t\t\t\t<\/div>\n\t\t\t\t<\/div>\n\t\t\t\t<div class=\"elementor-element elementor-element-6df8d109 elementor-widget elementor-widget-heading\" data-id=\"6df8d109\" data-element_type=\"widget\" data-e-type=\"widget\" data-widget_type=\"heading.default\">\n\t\t\t\t<div class=\"elementor-widget-container\">\n\t\t\t\t\t<h5 class=\"elementor-heading-title elementor-size-default\">Education<\/h5>\t\t\t\t<\/div>\n\t\t\t\t<\/div>\n\t\t\t\t<div class=\"elementor-element elementor-element-3dbbb144 elementor-widget elementor-widget-text-editor\" data-id=\"3dbbb144\" data-element_type=\"widget\" data-e-type=\"widget\" data-widget_type=\"text-editor.default\">\n\t\t\t\t<div class=\"elementor-widget-container\">\n\t\t\t\t\t\t\t\t\t<p class=\"has-text-color\" data-oa-prompt=\"Please now create a great description for the previous title. No more than 90 characters.\">Workshops and masterclasses for professionals and non-professionals.<\/p>\t\t\t\t\t\t\t\t<\/div>\n\t\t\t\t<\/div>\n\t\t\t\t<\/div>\n\t\t<div class=\"elementor-element elementor-element-3ec9e8af e-con-full e-flex e-con e-child\" data-id=\"3ec9e8af\" data-element_type=\"container\" data-e-type=\"container\">\n\t\t\t\t<div class=\"elementor-element elementor-element-1211b30e elementor-widget elementor-widget-image\" data-id=\"1211b30e\" data-element_type=\"widget\" data-e-type=\"widget\" data-widget_type=\"image.default\">\n\t\t\t\t<div class=\"elementor-widget-container\">\n\t\t\t\t\t\t\t\t\t\t\t\t\t\t\t<img decoding=\"async\" width=\"1707\" height=\"2560\" src=\"https:\/\/lapanoplie.net\/wp-content\/uploads\/2025\/05\/DSCF9326-scaled.jpg\" class=\"attachment-full size-full wp-image-55\" alt=\"\" srcset=\"https:\/\/lapanoplie.net\/wp-content\/uploads\/2025\/05\/DSCF9326-scaled.jpg 1707w, https:\/\/lapanoplie.net\/wp-content\/uploads\/2025\/05\/DSCF9326-200x300.jpg 200w, https:\/\/lapanoplie.net\/wp-content\/uploads\/2025\/05\/DSCF9326-683x1024.jpg 683w, https:\/\/lapanoplie.net\/wp-content\/uploads\/2025\/05\/DSCF9326-768x1152.jpg 768w, https:\/\/lapanoplie.net\/wp-content\/uploads\/2025\/05\/DSCF9326-1024x1536.jpg 1024w, https:\/\/lapanoplie.net\/wp-content\/uploads\/2025\/05\/DSCF9326-1365x2048.jpg 1365w\" sizes=\"(max-width: 1707px) 100vw, 1707px\" \/>\t\t\t\t\t\t\t\t\t\t\t\t\t\t\t<\/div>\n\t\t\t\t<\/div>\n\t\t\t\t<div class=\"elementor-element elementor-element-1137f51d elementor-widget elementor-widget-heading\" data-id=\"1137f51d\" data-element_type=\"widget\" data-e-type=\"widget\" data-widget_type=\"heading.default\">\n\t\t\t\t<div class=\"elementor-widget-container\">\n\t\t\t\t\t<h5 class=\"elementor-heading-title elementor-size-default\">Research\n<\/h5>\t\t\t\t<\/div>\n\t\t\t\t<\/div>\n\t\t\t\t<div class=\"elementor-element elementor-element-6985737a elementor-widget elementor-widget-text-editor\" data-id=\"6985737a\" data-element_type=\"widget\" data-e-type=\"widget\" data-widget_type=\"text-editor.default\">\n\t\t\t\t<div class=\"elementor-widget-container\">\n\t\t\t\t\t\t\t\t\t<p class=\"has-text-color\" data-oa-prompt=\"Please now create a great description for the previous title. No more than 90 characters.\">A new space to question theatrical forms and invite interdisciplinary connections.<\/p>\t\t\t\t\t\t\t\t<\/div>\n\t\t\t\t<\/div>\n\t\t\t\t<\/div>\n\t\t\t\t<\/div>\n\t\t\t\t\t<\/div>\n\t\t\t\t<\/div>\n\t\t<div class=\"elementor-element elementor-element-307e01f7 e-flex e-con-boxed e-con e-parent\" data-id=\"307e01f7\" data-element_type=\"container\" data-e-type=\"container\" data-settings=\"{&quot;background_background&quot;:&quot;classic&quot;}\">\n\t\t\t\t\t<div class=\"e-con-inner\">\n\t\t<div class=\"elementor-element elementor-element-5653fabf e-con-full e-flex e-con e-child\" data-id=\"5653fabf\" data-element_type=\"container\" data-e-type=\"container\">\n\t\t\t\t<div class=\"elementor-element elementor-element-663beb02 elementor-widget elementor-widget-heading\" data-id=\"663beb02\" data-element_type=\"widget\" data-e-type=\"widget\" data-widget_type=\"heading.default\">\n\t\t\t\t<div class=\"elementor-widget-container\">\n\t\t\t\t\t<h2 class=\"elementor-heading-title elementor-size-default\">The Company<\/h2>\t\t\t\t<\/div>\n\t\t\t\t<\/div>\n\t\t\t\t<div class=\"elementor-element elementor-element-7f89c207 elementor-widget elementor-widget-text-editor\" data-id=\"7f89c207\" data-element_type=\"widget\" data-e-type=\"widget\" data-widget_type=\"text-editor.default\">\n\t\t\t\t<div class=\"elementor-widget-container\">\n\t\t\t\t\t\t\t\t\t<p>Argentinian visual artist <strong>Oria Puppo<\/strong>, American theatre artist <strong>Emily Wilson<\/strong> and Belgian actor, director and teacher <strong>Jos Houben,<\/strong> have worked together extensively over the past decade, crafting compelling and innovative theatrical experiences in prominent theatres and opera houses across France. In 2024, they formalized this long-standing collaboration by founding <strong>La Panoplie<\/strong>a company dedicated to creating bold new works that merge theatre, music, and installation art.<\/p><p>Beyond performance, La Panoplie is committed to education, offering regular workshops and masterclasses to nurture the next generation of artists. The company not only seeks to dissolve boundaries between visual and performing arts but also to inspire younger artists to push creative limits and forge interdisciplinary connections.<\/p>\t\t\t\t\t\t\t\t<\/div>\n\t\t\t\t<\/div>\n\t\t\t\t<\/div>\n\t\t<div class=\"elementor-element elementor-element-16c9a01b e-con-full e-flex e-con e-child\" data-id=\"16c9a01b\" data-element_type=\"container\" data-e-type=\"container\">\n\t\t\t\t<div class=\"elementor-element elementor-element-4fb764d9 elementor-widget elementor-widget-image\" data-id=\"4fb764d9\" data-element_type=\"widget\" data-e-type=\"widget\" data-widget_type=\"image.default\">\n\t\t\t\t<div class=\"elementor-widget-container\">\n\t\t\t\t\t\t\t\t\t\t\t\t\t\t\t<img loading=\"lazy\" decoding=\"async\" width=\"1190\" height=\"1600\" src=\"https:\/\/lapanoplie.net\/wp-content\/uploads\/2025\/09\/PHOTO-2025-05-20-23-46-17.jpg\" class=\"attachment-full size-full wp-image-87\" alt=\"\" srcset=\"https:\/\/lapanoplie.net\/wp-content\/uploads\/2025\/09\/PHOTO-2025-05-20-23-46-17.jpg 1190w, https:\/\/lapanoplie.net\/wp-content\/uploads\/2025\/09\/PHOTO-2025-05-20-23-46-17-223x300.jpg 223w, https:\/\/lapanoplie.net\/wp-content\/uploads\/2025\/09\/PHOTO-2025-05-20-23-46-17-762x1024.jpg 762w, https:\/\/lapanoplie.net\/wp-content\/uploads\/2025\/09\/PHOTO-2025-05-20-23-46-17-768x1033.jpg 768w, https:\/\/lapanoplie.net\/wp-content\/uploads\/2025\/09\/PHOTO-2025-05-20-23-46-17-1142x1536.jpg 1142w\" sizes=\"(max-width: 1190px) 100vw, 1190px\" \/>\t\t\t\t\t\t\t\t\t\t\t\t\t\t\t<\/div>\n\t\t\t\t<\/div>\n\t\t\t\t<\/div>\n\t\t\t\t\t<\/div>\n\t\t\t\t<\/div>\n\t\t<div class=\"elementor-element elementor-element-d046a20 e-flex e-con-boxed e-con e-parent\" data-id=\"d046a20\" data-element_type=\"container\" data-e-type=\"container\">\n\t\t\t\t\t<div class=\"e-con-inner\">\n\t\t\t\t<div class=\"elementor-element elementor-element-73c5a7a elementor-widget elementor-widget-heading\" data-id=\"73c5a7a\" data-element_type=\"widget\" data-e-type=\"widget\" data-widget_type=\"heading.default\">\n\t\t\t\t<div class=\"elementor-widget-container\">\n\t\t\t\t\t<h2 class=\"elementor-heading-title elementor-size-default\">Give us your opinion on upcoming workshops!<\/h2>\t\t\t\t<\/div>\n\t\t\t\t<\/div>\n\t\t\t\t<div class=\"elementor-element elementor-element-ed5a075 elementor-widget elementor-widget-text-editor\" data-id=\"ed5a075\" data-element_type=\"widget\" data-e-type=\"widget\" data-widget_type=\"text-editor.default\">\n\t\t\t\t<div class=\"elementor-widget-container\">\n\t\t\t\t\t\t\t\t\t<p class=\"p1\">We will continue to develop our program of workshops and masterclasses in the months and years to come. We would also like to offer multidisciplinary training collaborations that mix visual and performing arts. We would be delighted to hear what you think about these future workshops. We've created a short survey where you can share your thoughts. Thank you in advance for your feedback!<\/p>\t\t\t\t\t\t\t\t<\/div>\n\t\t\t\t<\/div>\n\t\t\t\t<div class=\"elementor-element elementor-element-e75befc elementor-align-center elementor-widget elementor-widget-button\" data-id=\"e75befc\" data-element_type=\"widget\" data-e-type=\"widget\" data-widget_type=\"button.default\">\n\t\t\t\t<div class=\"elementor-widget-container\">\n\t\t\t\t\t\t\t\t\t<div class=\"elementor-button-wrapper\">\n\t\t\t\t\t<a class=\"elementor-button elementor-button-link elementor-size-sm\" href=\"https:\/\/docs.google.com\/forms\/d\/e\/1FAIpQLSfpymEZOn81m6t28cVAU7Q4SXpTy7VyR0d4vyZDvucvb5JuMA\/viewform?usp=header\" target=\"_blank\">\n\t\t\t\t\t\t<span class=\"elementor-button-content-wrapper\">\n\t\t\t\t\t\t\t\t\t<span class=\"elementor-button-text\">survey<\/span>\n\t\t\t\t\t<\/span>\n\t\t\t\t\t<\/a>\n\t\t\t\t<\/div>\n\t\t\t\t\t\t\t\t<\/div>\n\t\t\t\t<\/div>\n\t\t\t\t\t<\/div>\n\t\t\t\t<\/div>\n\t\t<div class=\"elementor-element elementor-element-0b97187 e-con-full e-flex e-con e-parent\" data-id=\"0b97187\" data-element_type=\"container\" data-e-type=\"container\">\n\t\t<div class=\"elementor-element elementor-element-525ac3f e-con-full e-flex e-con e-child\" data-id=\"525ac3f\" data-element_type=\"container\" data-e-type=\"container\" data-settings=\"{&quot;background_background&quot;:&quot;classic&quot;}\">\n\t\t\t\t<div class=\"elementor-element elementor-element-382e7ea elementor-widget__width-initial elementor-widget elementor-widget-heading\" data-id=\"382e7ea\" data-element_type=\"widget\" data-e-type=\"widget\" data-widget_type=\"heading.default\">\n\t\t\t\t<div class=\"elementor-widget-container\">\n\t\t\t\t\t<h1 class=\"elementor-heading-title elementor-size-default\">Keep up to date with our future projects<\/h1>\t\t\t\t<\/div>\n\t\t\t\t<\/div>\n\t\t\t\t<div class=\"elementor-element elementor-element-21229d6 elementor-align-center elementor-widget elementor-widget-button\" data-id=\"21229d6\" data-element_type=\"widget\" data-e-type=\"widget\" data-widget_type=\"button.default\">\n\t\t\t\t<div class=\"elementor-widget-container\">\n\t\t\t\t\t\t\t\t\t<div class=\"elementor-button-wrapper\">\n\t\t\t\t\t<a class=\"elementor-button elementor-button-link elementor-size-sm\" href=\"https:\/\/lapanoplie.net\/en\/contact\/\">\n\t\t\t\t\t\t<span class=\"elementor-button-content-wrapper\">\n\t\t\t\t\t\t\t\t\t<span class=\"elementor-button-text\">contact<\/span>\n\t\t\t\t\t<\/span>\n\t\t\t\t\t<\/a>\n\t\t\t\t<\/div>\n\t\t\t\t\t\t\t\t<\/div>\n\t\t\t\t<\/div>\n\t\t\t\t<\/div>\n\t\t\t\t<\/div>\n\t\t<div class=\"elementor-element elementor-element-68addf8 e-flex e-con-boxed e-con e-parent\" data-id=\"68addf8\" data-element_type=\"container\" data-e-type=\"container\">\n\t\t\t\t\t<div class=\"e-con-inner\">\n\t\t\t\t<div class=\"elementor-element elementor-element-b57f5cc elementor-widget elementor-widget-image\" data-id=\"b57f5cc\" data-element_type=\"widget\" data-e-type=\"widget\" data-widget_type=\"image.default\">\n\t\t\t\t<div class=\"elementor-widget-container\">\n\t\t\t\t\t\t\t\t\t\t\t\t<figure class=\"wp-caption\">\n\t\t\t\t\t\t\t\t\t\t<img loading=\"lazy\" decoding=\"async\" width=\"317\" height=\"170\" src=\"https:\/\/lapanoplie.net\/wp-content\/uploads\/2026\/01\/Logo-Qualiopi-150dpi-Avec-Marianne-2.jpg\" class=\"attachment-full size-full wp-image-475\" alt=\"\" srcset=\"https:\/\/lapanoplie.net\/wp-content\/uploads\/2026\/01\/Logo-Qualiopi-150dpi-Avec-Marianne-2.jpg 317w, https:\/\/lapanoplie.net\/wp-content\/uploads\/2026\/01\/Logo-Qualiopi-150dpi-Avec-Marianne-2-300x161.jpg 300w, https:\/\/lapanoplie.net\/wp-content\/uploads\/2026\/01\/Logo-Qualiopi-150dpi-Avec-Marianne-2-18x10.jpg 18w\" sizes=\"(max-width: 317px) 100vw, 317px\" \/>\t\t\t\t\t\t\t\t\t\t\t<figcaption class=\"widget-image-caption wp-caption-text\">La certification qualit\u00e9 a \u00e9t\u00e9 d\u00e9livr\u00e9e au titre de la cat\u00e9gorie d'action suivante : ACTIONS DE FORMATION<\/figcaption>\n\t\t\t\t\t\t\t\t\t\t<\/figure>\n\t\t\t\t\t\t\t\t\t<\/div>\n\t\t\t\t<\/div>\n\t\t\t\t\t<\/div>\n\t\t\t\t<\/div>\n\t\t\t\t<\/div>","protected":false},"excerpt":{"rendered":"<p>th\u00e9\u00e2tre, espace, mouvement Cr\u00e9ation Des spectacles visuellement saisissants, physiquement dynamiques et hautement accessibles. Formation Des stages et masterclasses pour professionels [&hellip;]<\/p>\n","protected":false},"author":1,"featured_media":0,"parent":0,"menu_order":0,"comment_status":"closed","ping_status":"closed","template":"","meta":{"site-sidebar-layout":"no-sidebar","site-content-layout":"","ast-site-content-layout":"full-width-container","site-content-style":"default","site-sidebar-style":"default","ast-global-header-display":"","ast-banner-title-visibility":"","ast-main-header-display":"","ast-hfb-above-header-display":"","ast-hfb-below-header-display":"","ast-hfb-mobile-header-display":"","site-post-title":"disabled","ast-breadcrumbs-content":"","ast-featured-img":"disabled","footer-sml-layout":"","ast-disable-related-posts":"","theme-transparent-header-meta":"","adv-header-id-meta":"","stick-header-meta":"","header-above-stick-meta":"","header-main-stick-meta":"","header-below-stick-meta":"","astra-migrate-meta-layouts":"default","ast-page-background-enabled":"default","ast-page-background-meta":{"desktop":{"background-color":"var(--ast-global-color-4)","background-image":"","background-repeat":"repeat","background-position":"center center","background-size":"auto","background-attachment":"scroll","background-type":"","background-media":"","overlay-type":"","overlay-color":"","overlay-opacity":"","overlay-gradient":""},"tablet":{"background-color":"","background-image":"","background-repeat":"repeat","background-position":"center center","background-size":"auto","background-attachment":"scroll","background-type":"","background-media":"","overlay-type":"","overlay-color":"","overlay-opacity":"","overlay-gradient":""},"mobile":{"background-color":"","background-image":"","background-repeat":"repeat","background-position":"center center","background-size":"auto","background-attachment":"scroll","background-type":"","background-media":"","overlay-type":"","overlay-color":"","overlay-opacity":"","overlay-gradient":""}},"ast-content-background-meta":{"desktop":{"background-color":"var(--ast-global-color-5)","background-image":"","background-repeat":"repeat","background-position":"center center","background-size":"auto","background-attachment":"scroll","background-type":"","background-media":"","overlay-type":"","overlay-color":"","overlay-opacity":"","overlay-gradient":""},"tablet":{"background-color":"var(--ast-global-color-5)","background-image":"","background-repeat":"repeat","background-position":"center center","background-size":"auto","background-attachment":"scroll","background-type":"","background-media":"","overlay-type":"","overlay-color":"","overlay-opacity":"","overlay-gradient":""},"mobile":{"background-color":"var(--ast-global-color-5)","background-image":"","background-repeat":"repeat","background-position":"center center","background-size":"auto","background-attachment":"scroll","background-type":"","background-media":"","overlay-type":"","overlay-color":"","overlay-opacity":"","overlay-gradient":""}},"footnotes":""},"class_list":["post-19","page","type-page","status-publish","hentry"],"jetpack_sharing_enabled":true,"_links":{"self":[{"href":"https:\/\/lapanoplie.net\/en\/wp-json\/wp\/v2\/pages\/19","targetHints":{"allow":["GET"]}}],"collection":[{"href":"https:\/\/lapanoplie.net\/en\/wp-json\/wp\/v2\/pages"}],"about":[{"href":"https:\/\/lapanoplie.net\/en\/wp-json\/wp\/v2\/types\/page"}],"author":[{"embeddable":true,"href":"https:\/\/lapanoplie.net\/en\/wp-json\/wp\/v2\/users\/1"}],"replies":[{"embeddable":true,"href":"https:\/\/lapanoplie.net\/en\/wp-json\/wp\/v2\/comments?post=19"}],"version-history":[{"count":20,"href":"https:\/\/lapanoplie.net\/en\/wp-json\/wp\/v2\/pages\/19\/revisions"}],"predecessor-version":[{"id":479,"href":"https:\/\/lapanoplie.net\/en\/wp-json\/wp\/v2\/pages\/19\/revisions\/479"}],"wp:attachment":[{"href":"https:\/\/lapanoplie.net\/en\/wp-json\/wp\/v2\/media?parent=19"}],"curies":[{"name":"wp","href":"https:\/\/api.w.org\/{rel}","templated":true}]}}