{"id":102,"date":"2025-12-12T10:26:19","date_gmt":"2025-12-12T10:26:19","guid":{"rendered":"https:\/\/lapanoplie.net\/?page_id=102"},"modified":"2026-04-24T09:46:47","modified_gmt":"2026-04-24T09:46:47","slug":"formations","status":"publish","type":"page","link":"https:\/\/lapanoplie.net\/en\/formations\/","title":{"rendered":"Workshops"},"content":{"rendered":"<div data-elementor-type=\"wp-page\" data-elementor-id=\"102\" class=\"elementor elementor-102\">\n\t\t\t\t<div class=\"elementor-element elementor-element-5bce526 e-flex e-con-boxed e-con e-parent\" data-id=\"5bce526\" data-element_type=\"container\" data-e-type=\"container\" data-settings=\"{&quot;background_background&quot;:&quot;classic&quot;}\">\n\t\t\t\t\t<div class=\"e-con-inner\">\n\t\t\t\t<div class=\"elementor-element elementor-element-65912a8 elementor-widget elementor-widget-heading\" data-id=\"65912a8\" data-element_type=\"widget\" data-e-type=\"widget\" data-widget_type=\"heading.default\">\n\t\t\t\t<div class=\"elementor-widget-container\">\n\t\t\t\t\t<h1 class=\"elementor-heading-title elementor-size-default\">Workshops<\/h1>\t\t\t\t<\/div>\n\t\t\t\t<\/div>\n\t\t\t\t\t<\/div>\n\t\t\t\t<\/div>\n\t\t<div class=\"elementor-element elementor-element-34d0f12 e-flex e-con-boxed e-con e-parent\" data-id=\"34d0f12\" data-element_type=\"container\" data-e-type=\"container\">\n\t\t\t\t\t<div class=\"e-con-inner\">\n\t\t<div class=\"elementor-element elementor-element-a53e039 e-con-full e-flex e-con e-child\" data-id=\"a53e039\" data-element_type=\"container\" data-e-type=\"container\">\n\t\t\t\t<div class=\"elementor-element elementor-element-da9ff67 elementor-widget elementor-widget-heading\" data-id=\"da9ff67\" data-element_type=\"widget\" data-e-type=\"widget\" data-widget_type=\"heading.default\">\n\t\t\t\t<div class=\"elementor-widget-container\">\n\t\t\t\t\t<h2 class=\"elementor-heading-title elementor-size-default\">Landscapes of Laughter<\/h2>\t\t\t\t<\/div>\n\t\t\t\t<\/div>\n\t\t\t\t<div class=\"elementor-element elementor-element-9ea57c4 elementor-widget elementor-widget-heading\" data-id=\"9ea57c4\" data-element_type=\"widget\" data-e-type=\"widget\" data-widget_type=\"heading.default\">\n\t\t\t\t<div class=\"elementor-widget-container\">\n\t\t\t\t\t<h2 class=\"elementor-heading-title elementor-size-default\">A series of masterclasses for professionals<\/h2>\t\t\t\t<\/div>\n\t\t\t\t<\/div>\n\t\t\t\t<div class=\"elementor-element elementor-element-e888bf0 elementor-widget elementor-widget-text-editor\" data-id=\"e888bf0\" data-element_type=\"widget\" data-e-type=\"widget\" data-widget_type=\"text-editor.default\">\n\t\t\t\t<div class=\"elementor-widget-container\">\n\t\t\t\t\t\t\t\t\t<p data-start=\"138\" data-end=\"450\">This workshop series, taught by <strong>Jos Houben,<\/strong> offers an immersive journey into the major styles of comic theatre.\nOur starting point is the body in performance, allowing us to explore the principles that underpin these different languages\u2014from buffoon to burlesque, from clowning to absurd and nonsensical forms. Accidents, imbalances, misunderstandings, imitation, and childlike play: each living dynamic reveals its own distinct door into the world of comedy.\u00a0<\/p><p data-start=\"452\" data-end=\"738\"><span class=\"wixui-rich-text__text\">The workshops are conceived as a continuous journey through the comic universe and its many styles and variations. However, it is also entirely possible to take part in one or two modules separately.\u00a0<\/span><\/p><ul><li data-start=\"452\" data-end=\"738\"><span class=\"wixui-rich-text__text\"><strong><span class=\"color_43 wixui-rich-text__text\">Clown, absurd, nonsense<\/span><\/strong><br class=\"wixui-rich-text__text\" \/><span class=\"color_43 wixui-rich-text__text\">26-30 January 2026 - 5 days - 25 hours (in Paris)<\/span><\/span><\/li><li data-start=\"452\" data-end=\"738\"><span class=\"wixui-rich-text__text\"><span class=\"color_43 wixui-rich-text__text\"><strong>Slapstick, stunts, accidents<\/strong>\u00a0<\/span><br class=\"wixui-rich-text__text\" \/><span class=\"color_43 wixui-rich-text__text\">30 March - 3 April - 5 days - 25 hours (in Paris)<\/span><\/span><\/li><li data-start=\"452\" data-end=\"738\"><span class=\"wixui-rich-text__text\"><span class=\"color_43 wixui-rich-text__text\"><strong>Commedia dell\u2019arte and Bouffon :\u00a0<\/strong><br class=\"wixui-rich-text__text\" \/>5 au 9 mai 2026 &#8211; 5j &#8211; 25h<\/span><\/span><\/li><\/ul>\t\t\t\t\t\t\t\t<\/div>\n\t\t\t\t<\/div>\n\t\t\t\t<div class=\"elementor-element elementor-element-d20141c elementor-widget elementor-widget-button\" data-id=\"d20141c\" data-element_type=\"widget\" data-e-type=\"widget\" data-widget_type=\"button.default\">\n\t\t\t\t<div class=\"elementor-widget-container\">\n\t\t\t\t\t\t\t\t\t<div class=\"elementor-button-wrapper\">\n\t\t\t\t\t<a class=\"elementor-button elementor-button-link elementor-size-sm\" href=\"https:\/\/lapanoplie.net\/wp-content\/uploads\/2026\/04\/fiche-programme-le-corps-comique-26.pdf\" target=\"_blank\">\n\t\t\t\t\t\t<span class=\"elementor-button-content-wrapper\">\n\t\t\t\t\t\t\t\t\t<span class=\"elementor-button-text\">More info<\/span>\n\t\t\t\t\t<\/span>\n\t\t\t\t\t<\/a>\n\t\t\t\t<\/div>\n\t\t\t\t\t\t\t\t<\/div>\n\t\t\t\t<\/div>\n\t\t\t\t<\/div>\n\t\t<div class=\"elementor-element elementor-element-60054ad e-con-full e-flex e-con e-child\" data-id=\"60054ad\" data-element_type=\"container\" data-e-type=\"container\">\n\t\t\t\t<div class=\"elementor-element elementor-element-67b50b2 elementor-widget elementor-widget-image\" data-id=\"67b50b2\" data-element_type=\"widget\" data-e-type=\"widget\" data-widget_type=\"image.default\">\n\t\t\t\t<div class=\"elementor-widget-container\">\n\t\t\t\t\t\t\t\t\t\t\t\t\t\t\t<img fetchpriority=\"high\" decoding=\"async\" width=\"1130\" height=\"1063\" src=\"https:\/\/lapanoplie.net\/wp-content\/uploads\/2025\/12\/jos-houben-specimen-masculin-belge-d-1-87-m-dr-1541103321.jpg\" class=\"attachment-full size-full wp-image-225\" alt=\"\" srcset=\"https:\/\/lapanoplie.net\/wp-content\/uploads\/2025\/12\/jos-houben-specimen-masculin-belge-d-1-87-m-dr-1541103321.jpg 1130w, https:\/\/lapanoplie.net\/wp-content\/uploads\/2025\/12\/jos-houben-specimen-masculin-belge-d-1-87-m-dr-1541103321-300x282.jpg 300w, https:\/\/lapanoplie.net\/wp-content\/uploads\/2025\/12\/jos-houben-specimen-masculin-belge-d-1-87-m-dr-1541103321-1024x963.jpg 1024w, https:\/\/lapanoplie.net\/wp-content\/uploads\/2025\/12\/jos-houben-specimen-masculin-belge-d-1-87-m-dr-1541103321-768x722.jpg 768w\" sizes=\"(max-width: 1130px) 100vw, 1130px\" \/>\t\t\t\t\t\t\t\t\t\t\t\t\t\t\t<\/div>\n\t\t\t\t<\/div>\n\t\t\t\t<\/div>\n\t\t\t\t\t<\/div>\n\t\t\t\t<\/div>\n\t\t<div class=\"elementor-element elementor-element-98b51d5 e-flex e-con-boxed e-con e-parent\" data-id=\"98b51d5\" data-element_type=\"container\" data-e-type=\"container\">\n\t\t\t\t\t<div class=\"e-con-inner\">\n\t\t<div class=\"elementor-element elementor-element-5815dae e-con-full e-flex e-con e-child\" data-id=\"5815dae\" data-element_type=\"container\" data-e-type=\"container\">\n\t\t\t\t<div class=\"elementor-element elementor-element-2f8330e elementor-widget elementor-widget-image\" data-id=\"2f8330e\" data-element_type=\"widget\" data-e-type=\"widget\" data-widget_type=\"image.default\">\n\t\t\t\t<div class=\"elementor-widget-container\">\n\t\t\t\t\t\t\t\t\t\t\t\t\t\t\t<img decoding=\"async\" width=\"800\" height=\"630\" src=\"https:\/\/lapanoplie.net\/wp-content\/uploads\/2025\/12\/lusine-a-gags.jpg\" class=\"attachment-full size-full wp-image-230\" alt=\"\" srcset=\"https:\/\/lapanoplie.net\/wp-content\/uploads\/2025\/12\/lusine-a-gags.jpg 800w, https:\/\/lapanoplie.net\/wp-content\/uploads\/2025\/12\/lusine-a-gags-300x236.jpg 300w, https:\/\/lapanoplie.net\/wp-content\/uploads\/2025\/12\/lusine-a-gags-768x605.jpg 768w\" sizes=\"(max-width: 800px) 100vw, 800px\" \/>\t\t\t\t\t\t\t\t\t\t\t\t\t\t\t<\/div>\n\t\t\t\t<\/div>\n\t\t\t\t<\/div>\n\t\t<div class=\"elementor-element elementor-element-5fb91e3 e-con-full e-flex e-con e-child\" data-id=\"5fb91e3\" data-element_type=\"container\" data-e-type=\"container\">\n\t\t\t\t<div class=\"elementor-element elementor-element-b6cc809 elementor-widget elementor-widget-heading\" data-id=\"b6cc809\" data-element_type=\"widget\" data-e-type=\"widget\" data-widget_type=\"heading.default\">\n\t\t\t\t<div class=\"elementor-widget-container\">\n\t\t\t\t\t<h2 class=\"elementor-heading-title elementor-size-default\">The Gag Factory<\/h2>\t\t\t\t<\/div>\n\t\t\t\t<\/div>\n\t\t\t\t<div class=\"elementor-element elementor-element-d2693bb elementor-widget elementor-widget-heading\" data-id=\"d2693bb\" data-element_type=\"widget\" data-e-type=\"widget\" data-widget_type=\"heading.default\">\n\t\t\t\t<div class=\"elementor-widget-container\">\n\t\t\t\t\t<h2 class=\"elementor-heading-title elementor-size-default\">A workshop open to professionals and non-professionals<\/h2>\t\t\t\t<\/div>\n\t\t\t\t<\/div>\n\t\t\t\t<div class=\"elementor-element elementor-element-28cbe81 elementor-widget elementor-widget-text-editor\" data-id=\"28cbe81\" data-element_type=\"widget\" data-e-type=\"widget\" data-widget_type=\"text-editor.default\">\n\t\t\t\t<div class=\"elementor-widget-container\">\n\t\t\t\t\t\t\t\t\t<p class=\"font_8 wixui-rich-text__text\"><span class=\"color_40 wixui-rich-text__text\"><span class=\"wixui-rich-text__text\">Starting from the misunderstandings and conflicts of real life, we will explore the accidents and mishaps that inevitably create laughter. <\/span><\/span><span class=\"color_40 wixui-rich-text__text\"><span class=\"wixui-rich-text__text\">We will discover the fundamental rules of this art of imbalance, and then put them into practice by creating stunts, fights, chase scenes, gags and general mayhem\u2026<\/span><\/span><\/p><ul><li>8 au 12 Juin 2026 &#8211; 5 jours &#8211; 25 heures<\/li><\/ul>\t\t\t\t\t\t\t\t<\/div>\n\t\t\t\t<\/div>\n\t\t\t\t<div class=\"elementor-element elementor-element-8aa77e9 elementor-widget elementor-widget-button\" data-id=\"8aa77e9\" data-element_type=\"widget\" data-e-type=\"widget\" data-widget_type=\"button.default\">\n\t\t\t\t<div class=\"elementor-widget-container\">\n\t\t\t\t\t\t\t\t\t<div class=\"elementor-button-wrapper\">\n\t\t\t\t\t<a class=\"elementor-button elementor-button-link elementor-size-sm\" href=\"https:\/\/lapanoplie.net\/wp-content\/uploads\/2026\/02\/fiche-programme-lUsine-a-gags.pdf\">\n\t\t\t\t\t\t<span class=\"elementor-button-content-wrapper\">\n\t\t\t\t\t\t\t\t\t<span class=\"elementor-button-text\">More info<\/span>\n\t\t\t\t\t<\/span>\n\t\t\t\t\t<\/a>\n\t\t\t\t<\/div>\n\t\t\t\t\t\t\t\t<\/div>\n\t\t\t\t<\/div>\n\t\t\t\t<\/div>\n\t\t\t\t\t<\/div>\n\t\t\t\t<\/div>\n\t\t<div class=\"elementor-element elementor-element-6f45599 e-flex e-con-boxed e-con e-parent\" data-id=\"6f45599\" data-element_type=\"container\" data-e-type=\"container\">\n\t\t\t\t\t<div class=\"e-con-inner\">\n\t\t<div class=\"elementor-element elementor-element-fbc00ed e-con-full e-flex e-con e-child\" data-id=\"fbc00ed\" data-element_type=\"container\" data-e-type=\"container\">\n\t\t\t\t<div class=\"elementor-element elementor-element-9482760 elementor-widget elementor-widget-heading\" data-id=\"9482760\" data-element_type=\"widget\" data-e-type=\"widget\" data-widget_type=\"heading.default\">\n\t\t\t\t<div class=\"elementor-widget-container\">\n\t\t\t\t\t<h2 class=\"elementor-heading-title elementor-size-default\">Space in Motion<\/h2>\t\t\t\t<\/div>\n\t\t\t\t<\/div>\n\t\t\t\t<div class=\"elementor-element elementor-element-a03dcdf elementor-widget elementor-widget-heading\" data-id=\"a03dcdf\" data-element_type=\"widget\" data-e-type=\"widget\" data-widget_type=\"heading.default\">\n\t\t\t\t<div class=\"elementor-widget-container\">\n\t\t\t\t\t<h2 class=\"elementor-heading-title elementor-size-default\">A multidisciplinary workshop in Paris<\/h2>\t\t\t\t<\/div>\n\t\t\t\t<\/div>\n\t\t\t\t<div class=\"elementor-element elementor-element-09f2064 elementor-widget elementor-widget-text-editor\" data-id=\"09f2064\" data-element_type=\"widget\" data-e-type=\"widget\" data-widget_type=\"text-editor.default\">\n\t\t\t\t<div class=\"elementor-widget-container\">\n\t\t\t\t\t\t\t\t\t<p>This scenography and movement workshop, open to performing artists and visual artists, offers a two-day immersive exploration of the dialogue between space, body, and performance. Through hands-on visual and scenic work, participants will explore how scenography can generate movement and dramaturgy, and how, in turn, performance and the body shape and call forth physical spaces.<\/p><ul><li>automne 2026<\/li><\/ul>\t\t\t\t\t\t\t\t<\/div>\n\t\t\t\t<\/div>\n\t\t\t\t<div class=\"elementor-element elementor-element-7c4b6f6 elementor-widget elementor-widget-button\" data-id=\"7c4b6f6\" data-element_type=\"widget\" data-e-type=\"widget\" data-widget_type=\"button.default\">\n\t\t\t\t<div class=\"elementor-widget-container\">\n\t\t\t\t\t\t\t\t\t<div class=\"elementor-button-wrapper\">\n\t\t\t\t\t<a class=\"elementor-button elementor-button-link elementor-size-sm\" href=\"#\">\n\t\t\t\t\t\t<span class=\"elementor-button-content-wrapper\">\n\t\t\t\t\t\t\t\t\t<span class=\"elementor-button-text\">Info coming soon<\/span>\n\t\t\t\t\t<\/span>\n\t\t\t\t\t<\/a>\n\t\t\t\t<\/div>\n\t\t\t\t\t\t\t\t<\/div>\n\t\t\t\t<\/div>\n\t\t\t\t<\/div>\n\t\t<div class=\"elementor-element elementor-element-57b9029 e-con-full e-flex e-con e-child\" data-id=\"57b9029\" data-element_type=\"container\" data-e-type=\"container\">\n\t\t\t\t<div class=\"elementor-element elementor-element-86c6004 elementor-widget elementor-widget-image\" data-id=\"86c6004\" data-element_type=\"widget\" data-e-type=\"widget\" data-widget_type=\"image.default\">\n\t\t\t\t<div class=\"elementor-widget-container\">\n\t\t\t\t\t\t\t\t\t\t\t\t\t\t\t<img decoding=\"async\" width=\"800\" height=\"557\" src=\"https:\/\/lapanoplie.net\/wp-content\/uploads\/2025\/12\/dreamstime_s_155217329.jpg\" class=\"attachment-full size-full wp-image-295\" alt=\"\" srcset=\"https:\/\/lapanoplie.net\/wp-content\/uploads\/2025\/12\/dreamstime_s_155217329.jpg 800w, https:\/\/lapanoplie.net\/wp-content\/uploads\/2025\/12\/dreamstime_s_155217329-300x209.jpg 300w, https:\/\/lapanoplie.net\/wp-content\/uploads\/2025\/12\/dreamstime_s_155217329-768x535.jpg 768w\" sizes=\"(max-width: 800px) 100vw, 800px\" \/>\t\t\t\t\t\t\t\t\t\t\t\t\t\t\t<\/div>\n\t\t\t\t<\/div>\n\t\t\t\t<\/div>\n\t\t\t\t\t<\/div>\n\t\t\t\t<\/div>\n\t\t<div class=\"elementor-element elementor-element-4e69949 e-flex e-con-boxed e-con e-parent\" data-id=\"4e69949\" data-element_type=\"container\" data-e-type=\"container\">\n\t\t\t\t\t<div class=\"e-con-inner\">\n\t\t\t\t<div class=\"elementor-element elementor-element-6a1d838 elementor-widget elementor-widget-heading\" data-id=\"6a1d838\" data-element_type=\"widget\" data-e-type=\"widget\" data-widget_type=\"heading.default\">\n\t\t\t\t<div class=\"elementor-widget-container\">\n\t\t\t\t\t<h2 class=\"elementor-heading-title elementor-size-default\">Give us your opinion on upcoming workshops!<\/h2>\t\t\t\t<\/div>\n\t\t\t\t<\/div>\n\t\t\t\t<div class=\"elementor-element elementor-element-dd9d6e4 elementor-widget elementor-widget-text-editor\" data-id=\"dd9d6e4\" data-element_type=\"widget\" data-e-type=\"widget\" data-widget_type=\"text-editor.default\">\n\t\t\t\t<div class=\"elementor-widget-container\">\n\t\t\t\t\t\t\t\t\t<p>We will continue to develop our program of workshops and masterclasses in the months and years to come. We would also like to offer multidisciplinary training collaborations that mix visual and performing arts. We would be delighted to hear what you think about these future workshops. We've created a short survey where you can share your thoughts. Thank you in advance for your feedback!<\/p>\t\t\t\t\t\t\t\t<\/div>\n\t\t\t\t<\/div>\n\t\t\t\t<div class=\"elementor-element elementor-element-9402198 elementor-align-center elementor-widget elementor-widget-button\" data-id=\"9402198\" data-element_type=\"widget\" data-e-type=\"widget\" data-widget_type=\"button.default\">\n\t\t\t\t<div class=\"elementor-widget-container\">\n\t\t\t\t\t\t\t\t\t<div class=\"elementor-button-wrapper\">\n\t\t\t\t\t<a class=\"elementor-button elementor-button-link elementor-size-sm\" href=\"https:\/\/docs.google.com\/forms\/d\/e\/1FAIpQLSfpymEZOn81m6t28cVAU7Q4SXpTy7VyR0d4vyZDvucvb5JuMA\/viewform?usp=header\" target=\"_blank\">\n\t\t\t\t\t\t<span class=\"elementor-button-content-wrapper\">\n\t\t\t\t\t\t\t\t\t<span class=\"elementor-button-text\">Survey<\/span>\n\t\t\t\t\t<\/span>\n\t\t\t\t\t<\/a>\n\t\t\t\t<\/div>\n\t\t\t\t\t\t\t\t<\/div>\n\t\t\t\t<\/div>\n\t\t\t\t<div class=\"elementor-element elementor-element-fd3454d elementor-widget elementor-widget-spacer\" data-id=\"fd3454d\" data-element_type=\"widget\" data-e-type=\"widget\" data-widget_type=\"spacer.default\">\n\t\t\t\t<div class=\"elementor-widget-container\">\n\t\t\t\t\t\t\t<div class=\"elementor-spacer\">\n\t\t\t<div class=\"elementor-spacer-inner\"><\/div>\n\t\t<\/div>\n\t\t\t\t\t\t<\/div>\n\t\t\t\t<\/div>\n\t\t\t\t\t<\/div>\n\t\t\t\t<\/div>\n\t\t<div class=\"elementor-element elementor-element-2a16e37 e-flex e-con-boxed e-con e-parent\" data-id=\"2a16e37\" data-element_type=\"container\" data-e-type=\"container\" data-settings=\"{&quot;background_background&quot;:&quot;classic&quot;}\">\n\t\t\t\t\t<div class=\"e-con-inner\">\n\t\t\t\t<div class=\"elementor-element elementor-element-c509143 elementor-widget elementor-widget-button\" data-id=\"c509143\" data-element_type=\"widget\" data-e-type=\"widget\" data-widget_type=\"button.default\">\n\t\t\t\t<div class=\"elementor-widget-container\">\n\t\t\t\t\t\t\t\t\t<div class=\"elementor-button-wrapper\">\n\t\t\t\t\t<a class=\"elementor-button elementor-button-link elementor-size-sm\" href=\"https:\/\/lapanoplie.net\/en\/contact\/\">\n\t\t\t\t\t\t<span class=\"elementor-button-content-wrapper\">\n\t\t\t\t\t\t\t\t\t<span class=\"elementor-button-text\">Contact<\/span>\n\t\t\t\t\t<\/span>\n\t\t\t\t\t<\/a>\n\t\t\t\t<\/div>\n\t\t\t\t\t\t\t\t<\/div>\n\t\t\t\t<\/div>\n\t\t\t\t\t<\/div>\n\t\t\t\t<\/div>\n\t\t<div class=\"elementor-element elementor-element-9fc30e0 e-flex e-con-boxed e-con e-parent\" data-id=\"9fc30e0\" data-element_type=\"container\" data-e-type=\"container\">\n\t\t\t\t\t<div class=\"e-con-inner\">\n\t\t\t\t<div class=\"elementor-element elementor-element-ae56a96 elementor-widget elementor-widget-image\" data-id=\"ae56a96\" data-element_type=\"widget\" data-e-type=\"widget\" data-widget_type=\"image.default\">\n\t\t\t\t<div class=\"elementor-widget-container\">\n\t\t\t\t\t\t\t\t\t\t\t\t<figure class=\"wp-caption\">\n\t\t\t\t\t\t\t\t\t\t<img loading=\"lazy\" decoding=\"async\" width=\"317\" height=\"170\" src=\"https:\/\/lapanoplie.net\/wp-content\/uploads\/2026\/01\/Logo-Qualiopi-150dpi-Avec-Marianne-2.jpg\" class=\"attachment-full size-full wp-image-475\" alt=\"\" srcset=\"https:\/\/lapanoplie.net\/wp-content\/uploads\/2026\/01\/Logo-Qualiopi-150dpi-Avec-Marianne-2.jpg 317w, https:\/\/lapanoplie.net\/wp-content\/uploads\/2026\/01\/Logo-Qualiopi-150dpi-Avec-Marianne-2-300x161.jpg 300w, https:\/\/lapanoplie.net\/wp-content\/uploads\/2026\/01\/Logo-Qualiopi-150dpi-Avec-Marianne-2-18x10.jpg 18w\" sizes=\"(max-width: 317px) 100vw, 317px\" \/>\t\t\t\t\t\t\t\t\t\t\t<figcaption class=\"widget-image-caption wp-caption-text\">La certification qualit\u00e9 a \u00e9t\u00e9 d\u00e9livr\u00e9e au titre de la cat\u00e9gorie d'action suivante : ACTIONS DE FORMATION<\/figcaption>\n\t\t\t\t\t\t\t\t\t\t<\/figure>\n\t\t\t\t\t\t\t\t\t<\/div>\n\t\t\t\t<\/div>\n\t\t\t\t\t<\/div>\n\t\t\t\t<\/div>\n\t\t\t\t<\/div>","protected":false},"excerpt":{"rendered":"<p>Formations Le Corps Comique Formation professionnelle \u00e0 Paris Cette s\u00e9rie de masterclasses ensiegn\u00e9 par Jos Houben propose une plong\u00e9e au [&hellip;]<\/p>\n","protected":false},"author":1,"featured_media":0,"parent":0,"menu_order":0,"comment_status":"closed","ping_status":"closed","template":"","meta":{"site-sidebar-layout":"no-sidebar","site-content-layout":"","ast-site-content-layout":"full-width-container","site-content-style":"default","site-sidebar-style":"default","ast-global-header-display":"","ast-banner-title-visibility":"","ast-main-header-display":"","ast-hfb-above-header-display":"","ast-hfb-below-header-display":"","ast-hfb-mobile-header-display":"","site-post-title":"","ast-breadcrumbs-content":"","ast-featured-img":"disabled","footer-sml-layout":"","ast-disable-related-posts":"","theme-transparent-header-meta":"","adv-header-id-meta":"","stick-header-meta":"","header-above-stick-meta":"","header-main-stick-meta":"","header-below-stick-meta":"","astra-migrate-meta-layouts":"default","ast-page-background-enabled":"default","ast-page-background-meta":{"desktop":{"background-color":"var(--ast-global-color-4)","background-image":"","background-repeat":"repeat","background-position":"center center","background-size":"auto","background-attachment":"scroll","background-type":"","background-media":"","overlay-type":"","overlay-color":"","overlay-opacity":"","overlay-gradient":""},"tablet":{"background-color":"","background-image":"","background-repeat":"repeat","background-position":"center center","background-size":"auto","background-attachment":"scroll","background-type":"","background-media":"","overlay-type":"","overlay-color":"","overlay-opacity":"","overlay-gradient":""},"mobile":{"background-color":"","background-image":"","background-repeat":"repeat","background-position":"center center","background-size":"auto","background-attachment":"scroll","background-type":"","background-media":"","overlay-type":"","overlay-color":"","overlay-opacity":"","overlay-gradient":""}},"ast-content-background-meta":{"desktop":{"background-color":"var(--ast-global-color-5)","background-image":"","background-repeat":"repeat","background-position":"center center","background-size":"auto","background-attachment":"scroll","background-type":"","background-media":"","overlay-type":"","overlay-color":"","overlay-opacity":"","overlay-gradient":""},"tablet":{"background-color":"var(--ast-global-color-5)","background-image":"","background-repeat":"repeat","background-position":"center center","background-size":"auto","background-attachment":"scroll","background-type":"","background-media":"","overlay-type":"","overlay-color":"","overlay-opacity":"","overlay-gradient":""},"mobile":{"background-color":"var(--ast-global-color-5)","background-image":"","background-repeat":"repeat","background-position":"center center","background-size":"auto","background-attachment":"scroll","background-type":"","background-media":"","overlay-type":"","overlay-color":"","overlay-opacity":"","overlay-gradient":""}},"footnotes":""},"class_list":["post-102","page","type-page","status-publish","hentry"],"jetpack_sharing_enabled":true,"_links":{"self":[{"href":"https:\/\/lapanoplie.net\/en\/wp-json\/wp\/v2\/pages\/102","targetHints":{"allow":["GET"]}}],"collection":[{"href":"https:\/\/lapanoplie.net\/en\/wp-json\/wp\/v2\/pages"}],"about":[{"href":"https:\/\/lapanoplie.net\/en\/wp-json\/wp\/v2\/types\/page"}],"author":[{"embeddable":true,"href":"https:\/\/lapanoplie.net\/en\/wp-json\/wp\/v2\/users\/1"}],"replies":[{"embeddable":true,"href":"https:\/\/lapanoplie.net\/en\/wp-json\/wp\/v2\/comments?post=102"}],"version-history":[{"count":20,"href":"https:\/\/lapanoplie.net\/en\/wp-json\/wp\/v2\/pages\/102\/revisions"}],"predecessor-version":[{"id":528,"href":"https:\/\/lapanoplie.net\/en\/wp-json\/wp\/v2\/pages\/102\/revisions\/528"}],"wp:attachment":[{"href":"https:\/\/lapanoplie.net\/en\/wp-json\/wp\/v2\/media?parent=102"}],"curies":[{"name":"wp","href":"https:\/\/api.w.org\/{rel}","templated":true}]}}